{"id":261,"date":"2014-03-21T11:49:22","date_gmt":"2014-03-21T10:49:22","guid":{"rendered":"http:\/\/www.vipers-cleanroom.com\/datenschutz\/"},"modified":"2018-05-28T09:55:45","modified_gmt":"2018-05-28T08:55:45","slug":"privacy-policy","status":"publish","type":"page","link":"https:\/\/www.vipers-cleanroom.com\/en\/privacy-policy\/","title":{"rendered":"Privacy policy"},"content":{"rendered":"<h1>Datenschutzerkl\u00e4rung<\/h1>\n<h2>1. Datenschutz<\/h2>\n<p>Die IAB Reinraum-Produkte GmbH legt besonderen Wert auf die Einhaltung der Datenschutzgesetze. Die einschl\u00e4gigen Datenschutzgesetze, insbesondere das Bundesdatenschutzgesetz und die EU-Datenschutz-Grundverordnung, werden von uns in vollem Umfang eingehalten. Die Verarbeitung der personenbezogenen Daten erfolgt ausschlie\u00dflich auf der Grundlage der einschl\u00e4gigen Gesetze und findet nur zu den unter Nr. 4 genannten Zwecken statt. Die Daten werden nur nach den Vorgaben dieser Datenschutzerkl\u00e4rung verarbeitet.<\/p>\n<h2>2. Verantwortliche Stelle<\/h2>\n<p>Die f\u00fcr die Datenverarbeitung verantwortliche Stelle ist:<\/p>\n<p>IAB Reinraum-Produkte GmbH<br \/>\nErzberg 5<br \/>\n38126 Braunschweig<\/p>\n<p>Tel.: 0531 \/ 284 84 &#8211; 0<br \/>\neMail: <a href=\"mailto:info@iab-bs.de\">info@iab-bs.de<\/a><\/p>\n<p>Gesch\u00e4ftsf\u00fchrerin: Karoline Matzi<br \/>\nIT-Leiter: Enrico Claretti<\/p>\n<h2>3. Cookies<\/h2>\n<p>Die Internetseiten der IAB Reinraum-Produkte GmbH verwenden Cookies. Cookies sind Textdateien, welche \u00fcber einen Internetbrowser auf einem Computersystem abgelegt und gespeichert werden.<\/p>\n<p>Zahlreiche Internetseiten und Server verwenden Cookies. Viele Cookies enthalten eine sogenannte Cookie-ID. Eine Cookie-ID ist eine eindeutige Kennung des Cookies. Sie besteht aus einer Zeichenfolge, durch welche Internetseiten und Server dem konkreten Internetbrowser zugeordnet werden k\u00f6nnen, in dem das Cookie gespeichert wurde. Dies erm\u00f6glicht es den besuchten Internetseiten und Servern, den individuellen Browser der betroffenen Person von anderen Internetbrowsern, die andere Cookies enthalten, zu unterscheiden. Ein bestimmter Internetbrowser kann \u00fcber die eindeutige Cookie-ID wiedererkannt und identifiziert werden.<\/p>\n<p>Durch den Einsatz von Cookies kann die IAB Reinraum-Produkte GmbH den Nutzern dieser Internetseite nutzerfreundlichere Services bereitstellen, die ohne die Cookie-Setzung nicht m\u00f6glich w\u00e4ren.<\/p>\n<p>Mittels eines Cookies k\u00f6nnen die Informationen und Angebote auf unserer Internetseite im Sinne des Benutzers optimiert werden. Cookies erm\u00f6glichen uns, wie bereits erw\u00e4hnt, die Benutzer unserer Internetseite wiederzuerkennen. Zweck dieser Wiedererkennung ist es, den Nutzern die Verwendung unserer Internetseite zu erleichtern. Der Benutzer einer Internetseite, die Cookies verwendet, muss beispielsweise nicht bei jedem Besuch der Internetseite erneut seine Zugangsdaten eingeben, weil dies von der Internetseite und dem auf dem Computersystem des Benutzers abgelegten Cookie \u00fcbernommen wird. Ein weiteres Beispiel ist das Cookie eines Warenkorbes im Online-Shop. Der Online-Shop merkt sich die Artikel, die ein Kunde in den virtuellen Warenkorb gelegt hat, \u00fcber ein Cookie.<\/p>\n<p>Die betroffene Person kann die Setzung von Cookies durch unsere Internetseite jederzeit mittels einer entsprechenden Einstellung des genutzten Internetbrowsers verhindern und damit der Setzung von Cookies dauerhaft widersprechen. Ferner k\u00f6nnen bereits gesetzte Cookies jederzeit \u00fcber einen Internetbrowser oder andere Softwareprogramme gel\u00f6scht werden. Dies ist in allen g\u00e4ngigen Internetbrowsern m\u00f6glich. Deaktiviert die betroffene Person die Setzung von Cookies in dem genutzten Internetbrowser, sind unter Umst\u00e4nden nicht alle Funktionen unserer Internetseite vollumf\u00e4nglich nutzbar.<\/p>\n<h2>4. Zugriffsdaten<\/h2>\n<p>Sie k\u00f6nnen unsere Website besuchen, ohne Angaben zu Ihrer Person zu machen. Es werden lediglich Zugriffsdaten in sogenannten ServerLogfiles, wie z.B. Datum und Uhrzeit des Zugriffs, URL der verweisenden Webseite, abgerufene Datei, Menge der gesendeten Daten, Browsertyp und -version, Betriebssystem sowie Ihre IP-Adresse. Diese Daten werden getrennt von anderen Daten, die Sie im Rahmen der Nutzung unseres Angebotes eingeben, gespeichert. Eine Zuordnung dieser Daten zu einer bestimmten Person ist uns nicht m\u00f6glich.<\/p>\n<p>Der f\u00fcr die Verarbeitung Verantwortliche hat auf dieser Internetseite die Komponente Matomo integriert. Matomo ist ein Open-Source-Softwaretool zur Web-Analyse. Web-Analyse ist die Erhebung, Sammlung und Auswertung von Daten \u00fcber das Verhalten von Besuchern von Internetseiten. Ein Web-Analyse-Tool erfasst unter anderem Daten dar\u00fcber, von welcher Internetseite eine betroffene Person auf eine Internetseite gekommen ist (sogenannter Referrer), auf welche Unterseiten der Internetseite zugegriffen oder wie oft und f\u00fcr welche Verweildauer eine Unterseite betrachtet wurde. Eine Web-Analyse wird \u00fcberwiegend zur Optimierung einer Internetseite und zur Kosten-Nutzen-Analyse von Internetwerbung eingesetzt.<\/p>\n<p>Die Software wird auf dem Server des f\u00fcr die Verarbeitung Verantwortlichen betrieben, die datenschutzrechtlich sensiblen Logdateien werden ausschlie\u00dflich auf diesem Server gespeichert.<\/p>\n<p>Der Zweck der Matomo-Komponente ist die Analyse der Besucherstr\u00f6me auf unserer Internetseite. Der f\u00fcr die Verarbeitung Verantwortliche nutzt die gewonnenen Daten und Informationen unter anderem dazu, die Nutzung dieser Internetseite auszuwerten, um Online-Reports, welche die Aktivit\u00e4ten auf unseren Internetseiten aufzeigen, zusammenzustellen.<\/p>\n<p>Matomo setzt ein Cookie auf dem informationstechnologischen System der betroffenen Person. Was Cookies sind, wurde oben bereits erl\u00e4utert. Mit der Setzung des Cookies wird uns eine Analyse der Benutzung unserer Internetseite erm\u00f6glicht. Durch jeden Aufruf einer der Einzelseiten dieser Internetseite wird der Internetbrowser auf dem informationstechnologischen System der betroffenen Person automatisch durch die Matomo-Komponente veranlasst, Daten zum Zwecke der Online-Analyse an unseren Server zu \u00fcbermitteln. Im Rahmen dieses technischen Verfahrens erhalten wir Kenntnis \u00fcber personenbezogene Daten, wie der IP-Adresse der betroffenen Person, die uns unter anderem dazu dient, die Herkunft der Besucher und Klicks nachzuvollziehen.<\/p>\n<p>Mittels des Cookies werden personenbezogene Informationen, beispielsweise die Zugriffszeit, der Ort, von welchem ein Zugriff ausging und die H\u00e4ufigkeit der Besuche auf unserer Internetseite gespeichert. Bei jedem Besuch unserer Internetseiten werden diese personenbezogenen Daten, einschlie\u00dflich der IP-Adresse des von der betroffenen Person genutzten Internetanschlusses, an unseren Server \u00fcbertragen. Diese personenbezogenen Daten werden durch uns gespeichert. Wir geben diese personenbezogenen Daten nicht an Dritte weiter.<\/p>\n<p>Die betroffene Person kann die Setzung von Cookies durch unsere Internetseite, wie oben bereits dargestellt, jederzeit mittels einer entsprechenden Einstellung des genutzten Internetbrowsers verhindern und damit der Setzung von Cookies dauerhaft widersprechen. Eine solche Einstellung des genutzten Internetbrowsers w\u00fcrde auch verhindern, dass Matomo ein Cookie auf dem informationstechnologischen System der betroffenen Person setzt. Zudem kann ein von Matomo bereits gesetzter Cookie jederzeit \u00fcber einen Internetbrowser oder andere Softwareprogramme gel\u00f6scht werden.<\/p>\n<p>Ferner besteht f\u00fcr die betroffene Person die M\u00f6glichkeit, einer Erfassung der durch den Matomo erzeugten, auf eine Nutzung dieser Internetseite bezogenen Daten zu widersprechen und eine solche zu verhindern. Hierzu muss die betroffene Person in Ihrem Browser &#8220;Do Not Track&#8221; einstellen.<\/p>\n<p>Mit der Setzung des Opt-Out-Cookies besteht jedoch die M\u00f6glichkeit, dass die Internetseiten des f\u00fcr die Verarbeitung Verantwortlichen f\u00fcr die betroffene Person nicht mehr vollumf\u00e4nglich nutzbar sind.<\/p>\n<p>Weitere Informationen und die geltenden Datenschutzbestimmungen von Matomo k\u00f6nnen unter https:\/\/matomo.org\/privacy\/ abgerufen werden.<\/p>\n<h2>5. Kontaktm\u00f6glichkeit \u00fcber die Internetseite<\/h2>\n<p>Die Internetseite der IAB Reinraum-Produkte GmbH enth\u00e4lt aufgrund von gesetzlichen Vorschriften Angaben, die eine schnelle elektronische Kontaktaufnahme zu unserem Unternehmen sowie eine unmittelbare Kommunikation mit uns erm\u00f6glichen, was ebenfalls eine allgemeine Adresse der sogenannten elektronischen Post (E-Mail-Adresse) umfasst. Sofern eine betroffene Person per E-Mail oder \u00fcber ein Kontaktformular den Kontakt mit dem f\u00fcr die Verarbeitung Verantwortlichen aufnimmt, werden die von der betroffenen Person \u00fcbermittelten personenbezogenen Daten automatisch gespeichert. Solche auf freiwilliger Basis von einer betroffenen Person an den f\u00fcr die Verarbeitung Verantwortlichen \u00fcbermittelten personenbezogenen Daten werden f\u00fcr Zwecke der Bearbeitung oder der Kontaktaufnahme zur betroffenen Person gespeichert. Es erfolgt keine Weitergabe dieser personenbezogenen Daten an Dritte.<\/p>\n<h2>6. Datenerfassung<\/h2>\n<p>Die IAB Reinraum-Produkte GmbH erhebt, speichert und verarbeitet zur Erf\u00fcllung der vertraglichen und gesetzlichen Regelungen folgende Datenkategorien:<\/p>\n<p>Firmendaten (Name und Anschrift des Auftraggebers)<br \/>\nPersonendaten (Vorname, Name, Anschrift des Ansprechpartners beim Auftraggeber)<br \/>\nKontaktdaten (Telefonnummer, eMail-Adresse des Ansprechpartners)<br \/>\nSonstige Daten (Position\/Funktion des Ansprechpartners)<\/p>\n<h2>7. Zweck der Datenerfassung<\/h2>\n<p>Die unter Pkt. 6 genannten Daten werden von uns ausschlie\u00dflich verarbeitet:<\/p>\n<ol>\n<li>Zur Erf\u00fcllung von gesetzlichen, gerichtlichen oder beh\u00f6rdlichen Vorgaben\/Anordnungen<\/li>\n<li>Zur Information \u00fcber unser Unternehmen, Sortiment, Aktionen, Produkt\u00e4nderungen u.\u00e4.<\/li>\n<li>Zur Durchf\u00fchrung anonymisierter statistischer Auswertung wie z.B. Zufriedenheitsanalysen<\/li>\n<li>Zur \u00dcbermittlung von Newslettern entsprechend Ihrer Einwilligung. Diese kann jederzeit durch eine Nachricht an die unten angegebene Kontaktm\u00f6glichkeit oder einen daf\u00fcr vorgesehenen Link im Newsletter widerrufen werden.<\/li>\n<\/ol>\n<h2>8. Daten\u00fcbermittlung<\/h2>\n<p>Zur Vertragserf\u00fcllung geben wir Ihre Daten an das mit der Lieferung beauftragte Versandunternehmen weiter, sofern dies erforderlich ist. Zur Erf\u00fcllung gesetzlicher Vorgaben werden Ihre Daten an Beh\u00f6rden \u00fcbermittelt.<\/p>\n<h2>9. Daten\u00fcbermittlung in Drittl\u00e4nder<\/h2>\n<p>Zur Erf\u00fcllung von Vertragszwecken, eines vertrags\u00e4hnlichen Vertrauensverh\u00e4ltnisses, zur Beratung und Betreuung des Betroffenen werden Daten in Drittstaaten \u00fcbermittelt.<\/p>\n<h2>10. L\u00f6schfristen<\/h2>\n<p>Die von der IAB Reinraum-Produkte GmbH gespeicherten personenbezogenen Daten werden nach Wegfall der in Nr. 4 genannten Zwecke bzw. nach Ablauf evtl. Aufbewahrungsfristen gel\u00f6scht bzw. anonymisiert<\/p>\n<h2>11. Rechte der betroffenen Person<\/h2>\n<p>Betroffene Personen haben jederzeit das Recht, Auskunft \u00fcber die bei der IAB Reinraum-Produkte GmbH \u00fcber sie gespeicherten Daten zu erhalten. Weiterhin haben sie das Recht auf Berichtigung, L\u00f6schung, Einschr\u00e4nkung der Verarbeitung, Widerspruch gegen die Verarbeitung sowie das Recht auf Daten\u00fcbertragbarkeit. Zur Wahrung ihrer Rechte wenden Sie sich bitte per Brief oder eMail an unten angegebene Kontaktm\u00f6glichkeit<\/p>\n<p>Sehen betroffene Personen beim Umgang mit ihren personenbezogenen Daten ihre Rechte nicht in vollem Umfang gewahrt, haben sie das Recht, bei der f\u00fcr sie zust\u00e4ndigen Aufsichtsbeh\u00f6rde Beschwerde einzureichen.<\/p>\n<h2>12. Datenschutzbeauftragter<\/h2>\n<p>Die IAB Reinraum-Produkte GmbH hat einen Datenschutzbeauftragten bestellt. Dieser ist bei allen Fragen rund um den Schutz personenbezogener Daten \u00fcber folgende Kontaktdaten zu erreichen:<\/p>\n<p>IAB Reinraum-Produkte GmbH<br \/>\nSimone Otte<br \/>\nErzberg 5<br \/>\n38126 Braunschweig<br \/>\n<a href=\"mailto:info@iab-bs.de\">info@iab-bs.de<\/a><\/p>\n<p>&nbsp;<\/p>\n<p>Teile dieser Datenschutzerkl\u00e4rung wurden durch den Datenschutzerkl\u00e4rungs-Generator der DGD Deutsche Gesellschaft f\u00fcr Datenschutz GmbH, die als <a href=\"https:\/\/dg-datenschutz.de\/datenschutz-dienstleistungen\/externer-datenschutzbeauftragter\/\">Externer Datenschutzbeauftragter Oberpfalz<\/a> t\u00e4tig ist, in Kooperation mit dem <a href=\"https:\/\/www.wbs-law.de\/it-recht\/datenschutzrecht\/\">Anwalt f\u00fcr Datenschutz<\/a> Christian Solmecke erstellt.<\/p>\n","protected":false},"excerpt":{"rendered":"<p>Datenschutzerkl\u00e4rung 1. Datenschutz Die IAB Reinraum-Produkte GmbH legt besonderen Wert auf die Einhaltung der Datenschutzgesetze. Die einschl\u00e4gigen Datenschutzgesetze, insbesondere das Bundesdatenschutzgesetz und die EU-Datenschutz-Grundverordnung, werden von uns in vollem Umfang eingehalten. Die Verarbeitung der personenbezogenen Daten erfolgt ausschlie\u00dflich auf der Grundlage der einschl\u00e4gigen Gesetze und findet nur zu den unter Nr. 4 genannten Zwecken statt. [&hellip;]<\/p>\n","protected":false},"author":2,"featured_media":0,"parent":0,"menu_order":0,"comment_status":"closed","ping_status":"closed","template":"","meta":[],"yoast_head":"<!-- This site is optimized with the Yoast SEO plugin v18.3 - https:\/\/yoast.com\/wordpress\/plugins\/seo\/ -->\n<title>Data protection VIPERS Cleanroom Wipes<\/title>\n<meta name=\"robots\" content=\"noindex, follow\" \/>\n<meta property=\"og:locale\" content=\"en_US\" \/>\n<meta property=\"og:type\" content=\"article\" \/>\n<meta property=\"og:title\" content=\"Data protection VIPERS Cleanroom Wipes\" \/>\n<meta property=\"og:description\" content=\"Datenschutzerkl\u00e4rung 1. Datenschutz Die IAB Reinraum-Produkte GmbH legt besonderen Wert auf die Einhaltung der Datenschutzgesetze. Die einschl\u00e4gigen Datenschutzgesetze, insbesondere das Bundesdatenschutzgesetz und die EU-Datenschutz-Grundverordnung, werden von uns in vollem Umfang eingehalten. Die Verarbeitung der personenbezogenen Daten erfolgt ausschlie\u00dflich auf der Grundlage der einschl\u00e4gigen Gesetze und findet nur zu den unter Nr. 4 genannten Zwecken statt. [&hellip;]\" \/>\n<meta property=\"og:url\" content=\"https:\/\/www.vipers-cleanroom.com\/en\/privacy-policy\/\" \/>\n<meta property=\"article:modified_time\" content=\"2018-05-28T08:55:45+00:00\" \/>\n<meta name=\"twitter:label1\" content=\"Est. reading time\" \/>\n\t<meta name=\"twitter:data1\" content=\"7 minutes\" \/>\n<script type=\"application\/ld+json\" class=\"yoast-schema-graph\">{\"@context\":\"https:\/\/schema.org\",\"@graph\":[{\"@type\":\"WebSite\",\"@id\":\"https:\/\/www.vipers-cleanroom.com\/#website\",\"url\":\"https:\/\/www.vipers-cleanroom.com\/\",\"name\":\"\",\"description\":\"\",\"potentialAction\":[{\"@type\":\"SearchAction\",\"target\":{\"@type\":\"EntryPoint\",\"urlTemplate\":\"https:\/\/www.vipers-cleanroom.com\/?s={search_term_string}\"},\"query-input\":\"required name=search_term_string\"}],\"inLanguage\":\"en-US\"},{\"@type\":\"WebPage\",\"@id\":\"https:\/\/www.vipers-cleanroom.com\/en\/privacy-policy\/#webpage\",\"url\":\"https:\/\/www.vipers-cleanroom.com\/en\/privacy-policy\/\",\"name\":\"Data protection VIPERS Cleanroom Wipes\",\"isPartOf\":{\"@id\":\"https:\/\/www.vipers-cleanroom.com\/#website\"},\"datePublished\":\"2014-03-21T10:49:22+00:00\",\"dateModified\":\"2018-05-28T08:55:45+00:00\",\"breadcrumb\":{\"@id\":\"https:\/\/www.vipers-cleanroom.com\/en\/privacy-policy\/#breadcrumb\"},\"inLanguage\":\"en-US\",\"potentialAction\":[{\"@type\":\"ReadAction\",\"target\":[\"https:\/\/www.vipers-cleanroom.com\/en\/privacy-policy\/\"]}]},{\"@type\":\"BreadcrumbList\",\"@id\":\"https:\/\/www.vipers-cleanroom.com\/en\/privacy-policy\/#breadcrumb\",\"itemListElement\":[{\"@type\":\"ListItem\",\"position\":1,\"name\":\"Home\",\"item\":\"https:\/\/www.vipers-cleanroom.com\/en\/\"},{\"@type\":\"ListItem\",\"position\":2,\"name\":\"Privacy policy\"}]}]}<\/script>\n<!-- \/ Yoast SEO plugin. -->","yoast_head_json":{"title":"Data protection VIPERS Cleanroom Wipes","robots":{"index":"noindex","follow":"follow"},"og_locale":"en_US","og_type":"article","og_title":"Data protection VIPERS Cleanroom Wipes","og_description":"Datenschutzerkl\u00e4rung 1. Datenschutz Die IAB Reinraum-Produkte GmbH legt besonderen Wert auf die Einhaltung der Datenschutzgesetze. Die einschl\u00e4gigen Datenschutzgesetze, insbesondere das Bundesdatenschutzgesetz und die EU-Datenschutz-Grundverordnung, werden von uns in vollem Umfang eingehalten. Die Verarbeitung der personenbezogenen Daten erfolgt ausschlie\u00dflich auf der Grundlage der einschl\u00e4gigen Gesetze und findet nur zu den unter Nr. 4 genannten Zwecken statt. [&hellip;]","og_url":"https:\/\/www.vipers-cleanroom.com\/en\/privacy-policy\/","article_modified_time":"2018-05-28T08:55:45+00:00","twitter_misc":{"Est. reading time":"7 minutes"},"schema":{"@context":"https:\/\/schema.org","@graph":[{"@type":"WebSite","@id":"https:\/\/www.vipers-cleanroom.com\/#website","url":"https:\/\/www.vipers-cleanroom.com\/","name":"","description":"","potentialAction":[{"@type":"SearchAction","target":{"@type":"EntryPoint","urlTemplate":"https:\/\/www.vipers-cleanroom.com\/?s={search_term_string}"},"query-input":"required name=search_term_string"}],"inLanguage":"en-US"},{"@type":"WebPage","@id":"https:\/\/www.vipers-cleanroom.com\/en\/privacy-policy\/#webpage","url":"https:\/\/www.vipers-cleanroom.com\/en\/privacy-policy\/","name":"Data protection VIPERS Cleanroom Wipes","isPartOf":{"@id":"https:\/\/www.vipers-cleanroom.com\/#website"},"datePublished":"2014-03-21T10:49:22+00:00","dateModified":"2018-05-28T08:55:45+00:00","breadcrumb":{"@id":"https:\/\/www.vipers-cleanroom.com\/en\/privacy-policy\/#breadcrumb"},"inLanguage":"en-US","potentialAction":[{"@type":"ReadAction","target":["https:\/\/www.vipers-cleanroom.com\/en\/privacy-policy\/"]}]},{"@type":"BreadcrumbList","@id":"https:\/\/www.vipers-cleanroom.com\/en\/privacy-policy\/#breadcrumb","itemListElement":[{"@type":"ListItem","position":1,"name":"Home","item":"https:\/\/www.vipers-cleanroom.com\/en\/"},{"@type":"ListItem","position":2,"name":"Privacy policy"}]}]}},"_links":{"self":[{"href":"https:\/\/www.vipers-cleanroom.com\/en\/wp-json\/wp\/v2\/pages\/261\/"}],"collection":[{"href":"https:\/\/www.vipers-cleanroom.com\/en\/wp-json\/wp\/v2\/pages\/"}],"about":[{"href":"https:\/\/www.vipers-cleanroom.com\/en\/wp-json\/wp\/v2\/types\/page\/"}],"author":[{"embeddable":true,"href":"https:\/\/www.vipers-cleanroom.com\/en\/wp-json\/wp\/v2\/users\/2\/"}],"replies":[{"embeddable":true,"href":"https:\/\/www.vipers-cleanroom.com\/en\/wp-json\/wp\/v2\/comments\/?post=261"}],"version-history":[{"count":11,"href":"https:\/\/www.vipers-cleanroom.com\/en\/wp-json\/wp\/v2\/pages\/261\/revisions\/"}],"predecessor-version":[{"id":343,"href":"https:\/\/www.vipers-cleanroom.com\/en\/wp-json\/wp\/v2\/pages\/261\/revisions\/343\/"}],"wp:attachment":[{"href":"https:\/\/www.vipers-cleanroom.com\/en\/wp-json\/wp\/v2\/media\/?parent=261"}],"curies":[{"name":"wp","href":"https:\/\/api.w.org\/{rel}","templated":true}]}}